{"id":868,"date":"2019-12-15T16:17:58","date_gmt":"2019-12-15T15:17:58","guid":{"rendered":"https:\/\/nucif.dermol.si\/?page_id=868"},"modified":"2020-01-31T10:53:10","modified_gmt":"2020-01-31T09:53:10","slug":"iniciar-registrar","status":"publish","type":"page","link":"https:\/\/nucif.net\/es\/iniciar-registrar\/","title":{"rendered":"Iniciar\/Registrar"},"content":{"rendered":"\t\t<div data-elementor-type=\"wp-page\" data-elementor-id=\"868\" class=\"elementor elementor-868 elementor-677\" data-elementor-post-type=\"page\">\n\t\t\t\t\t\t<section class=\"elementor-section elementor-top-section elementor-element elementor-element-7c7a186 elementor-section-height-min-height elementor-section-boxed elementor-section-height-default elementor-section-items-middle\" data-id=\"7c7a186\" data-element_type=\"section\" data-e-type=\"section\" data-settings=\"{&quot;background_background&quot;:&quot;classic&quot;}\">\n\t\t\t\t\t\t\t<div class=\"elementor-background-overlay\"><\/div>\n\t\t\t\t\t\t\t<div class=\"elementor-container elementor-column-gap-default\">\n\t\t\t\t\t<div class=\"elementor-column elementor-col-100 elementor-top-column elementor-element elementor-element-9eff25d\" data-id=\"9eff25d\" data-element_type=\"column\" data-e-type=\"column\">\n\t\t\t<div class=\"elementor-widget-wrap elementor-element-populated\">\n\t\t\t\t\t\t<div class=\"elementor-element elementor-element-a1126c0 elementor-widget elementor-widget-heading\" data-id=\"a1126c0\" data-element_type=\"widget\" data-e-type=\"widget\" data-widget_type=\"heading.default\">\n\t\t\t\t<div class=\"elementor-widget-container\">\n\t\t\t\t\t<h1 class=\"elementor-heading-title elementor-size-default\">Iniciar sesi\u00f3n - Registrar<\/h1>\t\t\t\t<\/div>\n\t\t\t\t<\/div>\n\t\t\t\t<div class=\"elementor-element elementor-element-1d23830 elementor-widget elementor-widget-heading\" data-id=\"1d23830\" data-element_type=\"widget\" data-e-type=\"widget\" data-widget_type=\"heading.default\">\n\t\t\t\t<div class=\"elementor-widget-container\">\n\t\t\t\t\t<h3 class=\"elementor-heading-title elementor-size-default\">por obtener acceso al \u00e1rea reservada<\/h3>\t\t\t\t<\/div>\n\t\t\t\t<\/div>\n\t\t\t\t<div class=\"elementor-element elementor-element-cdea7b6 elementor-widget elementor-widget-heading\" data-id=\"cdea7b6\" data-element_type=\"widget\" data-e-type=\"widget\" data-widget_type=\"heading.default\">\n\t\t\t\t<div class=\"elementor-widget-container\">\n\t\t\t\t\t<h5 class=\"elementor-heading-title elementor-size-default\">(Documentos de los 4 Knowledge Hubs &amp; Materiales de elearning - aulas virtuales)<\/h5>\t\t\t\t<\/div>\n\t\t\t\t<\/div>\n\t\t\t\t<section class=\"elementor-section elementor-inner-section elementor-element elementor-element-ceedbe2 elementor-section-boxed elementor-section-height-default elementor-section-height-default\" data-id=\"ceedbe2\" data-element_type=\"section\" data-e-type=\"section\">\n\t\t\t\t\t\t<div class=\"elementor-container elementor-column-gap-default\">\n\t\t\t\t\t<div class=\"elementor-column elementor-col-50 elementor-inner-column elementor-element elementor-element-d5747f5 elementor-invisible\" data-id=\"d5747f5\" data-element_type=\"column\" data-e-type=\"column\" data-settings=\"{&quot;background_background&quot;:&quot;classic&quot;,&quot;animation&quot;:&quot;swing&quot;}\">\n\t\t\t<div class=\"elementor-widget-wrap elementor-element-populated\">\n\t\t\t\t\t\t<div class=\"elementor-element elementor-element-7085269 elementor-widget elementor-widget-heading\" data-id=\"7085269\" data-element_type=\"widget\" data-e-type=\"widget\" data-widget_type=\"heading.default\">\n\t\t\t\t<div class=\"elementor-widget-container\">\n\t\t\t\t\t<h4 class=\"elementor-heading-title elementor-size-default\">para usuarios nuevos<\/h4>\t\t\t\t<\/div>\n\t\t\t\t<\/div>\n\t\t\t\t<div class=\"elementor-element elementor-element-005c671 elementor-invisible elementor-widget elementor-widget-text-editor\" data-id=\"005c671\" data-element_type=\"widget\" data-e-type=\"widget\" data-settings=\"{&quot;_animation&quot;:&quot;rollIn&quot;}\" data-widget_type=\"text-editor.default\">\n\t\t\t\t<div class=\"elementor-widget-container\">\n\t\t\t\t\t\t\t\t\t<p>Si est\u00e1 aqu\u00ed por primera vez, reg\u00edstrese primero haciendo clic en el bot\u00f3n \u00abREGISTRAR\u00bb<\/p>\t\t\t\t\t\t\t\t<\/div>\n\t\t\t\t<\/div>\n\t\t\t\t<div class=\"elementor-element elementor-element-bcf87e3 elementor-align-left elementor-invisible elementor-widget elementor-widget-button\" data-id=\"bcf87e3\" data-element_type=\"widget\" data-e-type=\"widget\" data-settings=\"{&quot;_animation&quot;:&quot;fadeIn&quot;}\" data-widget_type=\"button.default\">\n\t\t\t\t<div class=\"elementor-widget-container\">\n\t\t\t\t\t\t\t\t\t<div class=\"elementor-button-wrapper\">\n\t\t\t\t\t<a class=\"elementor-button elementor-button-link elementor-size-xl elementor-animation-grow\" href=\"https:\/\/nucif.net\/es\/registrar\/\">\n\t\t\t\t\t\t<span class=\"elementor-button-content-wrapper\">\n\t\t\t\t\t\t\t\t\t<span class=\"elementor-button-text\">REGISTRAR<\/span>\n\t\t\t\t\t<\/span>\n\t\t\t\t\t<\/a>\n\t\t\t\t<\/div>\n\t\t\t\t\t\t\t\t<\/div>\n\t\t\t\t<\/div>\n\t\t\t\t\t<\/div>\n\t\t<\/div>\n\t\t\t\t<div class=\"elementor-column elementor-col-50 elementor-inner-column elementor-element elementor-element-116124e\" data-id=\"116124e\" data-element_type=\"column\" data-e-type=\"column\" data-settings=\"{&quot;background_background&quot;:&quot;classic&quot;}\">\n\t\t\t<div class=\"elementor-widget-wrap elementor-element-populated\">\n\t\t\t\t\t\t<div class=\"elementor-element elementor-element-c29469b elementor-widget elementor-widget-heading\" data-id=\"c29469b\" data-element_type=\"widget\" data-e-type=\"widget\" data-widget_type=\"heading.default\">\n\t\t\t\t<div class=\"elementor-widget-container\">\n\t\t\t\t\t<h4 class=\"elementor-heading-title elementor-size-default\">para usuarios existentes<\/h4>\t\t\t\t<\/div>\n\t\t\t\t<\/div>\n\t\t\t\t<div class=\"elementor-element elementor-element-3960fde elementor-widget elementor-widget-text-editor\" data-id=\"3960fde\" data-element_type=\"widget\" data-e-type=\"widget\" data-widget_type=\"text-editor.default\">\n\t\t\t\t<div class=\"elementor-widget-container\">\n\t\t\t\t\t\t\t\t\t<p>Iniciar sesi\u00f3n por usar la plataforma NUCIF<\/p>\t\t\t\t\t\t\t\t<\/div>\n\t\t\t\t<\/div>\n\t\t\t\t<div class=\"elementor-element elementor-element-5bead72 elementor-align-left elementor-invisible elementor-widget elementor-widget-button\" data-id=\"5bead72\" data-element_type=\"widget\" data-e-type=\"widget\" data-settings=\"{&quot;_animation&quot;:&quot;fadeIn&quot;}\" data-widget_type=\"button.default\">\n\t\t\t\t<div class=\"elementor-widget-container\">\n\t\t\t\t\t\t\t\t\t<div class=\"elementor-button-wrapper\">\n\t\t\t\t\t<a class=\"elementor-button elementor-button-link elementor-size-xl elementor-animation-grow\" href=\"https:\/\/nucif.net\/es\/iniciar-sesion\/\">\n\t\t\t\t\t\t<span class=\"elementor-button-content-wrapper\">\n\t\t\t\t\t\t\t\t\t<span class=\"elementor-button-text\">INICIAR SESION<\/span>\n\t\t\t\t\t<\/span>\n\t\t\t\t\t<\/a>\n\t\t\t\t<\/div>\n\t\t\t\t\t\t\t\t<\/div>\n\t\t\t\t<\/div>\n\t\t\t\t\t<\/div>\n\t\t<\/div>\n\t\t\t\t\t<\/div>\n\t\t<\/section>\n\t\t\t\t\t<\/div>\n\t\t<\/div>\n\t\t\t\t\t<\/div>\n\t\t<\/section>\n\t\t\t\t<\/div>\n\t\t","protected":false},"excerpt":{"rendered":"<p>Iniciar sesi\u00f3n &#8211; Registrar por obtener acceso al \u00e1rea reservada (Documentos de los 4 Knowledge Hubs &amp; Materiales de elearning &#8211; aulas virtuales) para usuarios nuevos Si est\u00e1 aqu\u00ed por primera vez, reg\u00edstrese primero haciendo clic en el bot\u00f3n \u00abREGISTRAR\u00bb REGISTRAR para usuarios existentes Iniciar sesi\u00f3n por usar la plataforma NUCIF INICIAR SESION<\/p>\n","protected":false},"author":1,"featured_media":0,"parent":0,"menu_order":0,"comment_status":"closed","ping_status":"closed","template":"elementor_header_footer","meta":{"site-sidebar-layout":"no-sidebar","site-content-layout":"page-builder","ast-site-content-layout":"default","site-content-style":"default","site-sidebar-style":"default","ast-global-header-display":"","ast-banner-title-visibility":"","ast-main-header-display":"","ast-hfb-above-header-display":"","ast-hfb-below-header-display":"","ast-hfb-mobile-header-display":"","site-post-title":"disabled","ast-breadcrumbs-content":"","ast-featured-img":"disabled","footer-sml-layout":"","ast-disable-related-posts":"","theme-transparent-header-meta":"default","adv-header-id-meta":"","stick-header-meta":"default","header-above-stick-meta":"","header-main-stick-meta":"","header-below-stick-meta":"","astra-migrate-meta-layouts":"default","ast-page-background-enabled":"default","ast-page-background-meta":{"desktop":{"background-color":"","background-image":"","background-repeat":"repeat","background-position":"center center","background-size":"auto","background-attachment":"scroll","background-type":"","background-media":"","overlay-type":"","overlay-color":"","overlay-opacity":"","overlay-gradient":""},"tablet":{"background-color":"","background-image":"","background-repeat":"repeat","background-position":"center center","background-size":"auto","background-attachment":"scroll","background-type":"","background-media":"","overlay-type":"","overlay-color":"","overlay-opacity":"","overlay-gradient":""},"mobile":{"background-color":"","background-image":"","background-repeat":"repeat","background-position":"center center","background-size":"auto","background-attachment":"scroll","background-type":"","background-media":"","overlay-type":"","overlay-color":"","overlay-opacity":"","overlay-gradient":""}},"ast-content-background-meta":{"desktop":{"background-color":"var(--ast-global-color-5)","background-image":"","background-repeat":"repeat","background-position":"center center","background-size":"auto","background-attachment":"scroll","background-type":"","background-media":"","overlay-type":"","overlay-color":"","overlay-opacity":"","overlay-gradient":""},"tablet":{"background-color":"var(--ast-global-color-5)","background-image":"","background-repeat":"repeat","background-position":"center center","background-size":"auto","background-attachment":"scroll","background-type":"","background-media":"","overlay-type":"","overlay-color":"","overlay-opacity":"","overlay-gradient":""},"mobile":{"background-color":"var(--ast-global-color-5)","background-image":"","background-repeat":"repeat","background-position":"center center","background-size":"auto","background-attachment":"scroll","background-type":"","background-media":"","overlay-type":"","overlay-color":"","overlay-opacity":"","overlay-gradient":""}},"footnotes":""},"class_list":["post-868","page","type-page","status-publish","hentry"],"yoast_head":"<!-- This site is optimized with the Yoast SEO plugin v27.5 - https:\/\/yoast.com\/product\/yoast-seo-wordpress\/ -->\n<title>Iniciar\/Registrar - NUCIF<\/title>\n<meta name=\"robots\" content=\"index, follow, max-snippet:-1, max-image-preview:large, max-video-preview:-1\" \/>\n<link rel=\"canonical\" href=\"https:\/\/nucif.net\/es\/iniciar-registrar\/\" \/>\n<meta property=\"og:locale\" content=\"es_ES\" \/>\n<meta property=\"og:type\" content=\"article\" \/>\n<meta property=\"og:title\" content=\"Iniciar\/Registrar - NUCIF\" \/>\n<meta property=\"og:description\" content=\"Iniciar sesi\u00f3n &#8211; Registrar por obtener acceso al \u00e1rea reservada (Documentos de los 4 Knowledge Hubs &amp; Materiales de elearning &#8211; aulas virtuales) para usuarios nuevos Si est\u00e1 aqu\u00ed por primera vez, reg\u00edstrese primero haciendo clic en el bot\u00f3n \u00abREGISTRAR\u00bb REGISTRAR para usuarios existentes Iniciar sesi\u00f3n por usar la plataforma NUCIF INICIAR SESION\" \/>\n<meta property=\"og:url\" content=\"https:\/\/nucif.net\/es\/iniciar-registrar\/\" \/>\n<meta property=\"og:site_name\" content=\"NUCIF\" \/>\n<meta property=\"article:publisher\" content=\"https:\/\/www.facebook.com\/NUCIF.Project\" \/>\n<meta property=\"article:modified_time\" content=\"2020-01-31T09:53:10+00:00\" \/>\n<meta property=\"og:image\" content=\"https:\/\/nucif.net\/wp-content\/uploads\/2020\/01\/NUCIF-featured-image.png\" \/>\n\t<meta property=\"og:image:width\" content=\"960\" \/>\n\t<meta property=\"og:image:height\" content=\"414\" \/>\n\t<meta property=\"og:image:type\" content=\"image\/png\" \/>\n<meta name=\"twitter:card\" content=\"summary_large_image\" \/>\n<script type=\"application\/ld+json\" class=\"yoast-schema-graph\">{\"@context\":\"https:\\\/\\\/schema.org\",\"@graph\":[{\"@type\":\"WebPage\",\"@id\":\"https:\\\/\\\/nucif.net\\\/es\\\/iniciar-registrar\\\/\",\"url\":\"https:\\\/\\\/nucif.net\\\/es\\\/iniciar-registrar\\\/\",\"name\":\"Iniciar\\\/Registrar - NUCIF\",\"isPartOf\":{\"@id\":\"https:\\\/\\\/nucif.net\\\/#website\"},\"datePublished\":\"2019-12-15T15:17:58+00:00\",\"dateModified\":\"2020-01-31T09:53:10+00:00\",\"breadcrumb\":{\"@id\":\"https:\\\/\\\/nucif.net\\\/es\\\/iniciar-registrar\\\/#breadcrumb\"},\"inLanguage\":\"es\",\"potentialAction\":[{\"@type\":\"ReadAction\",\"target\":[\"https:\\\/\\\/nucif.net\\\/es\\\/iniciar-registrar\\\/\"]}]},{\"@type\":\"BreadcrumbList\",\"@id\":\"https:\\\/\\\/nucif.net\\\/es\\\/iniciar-registrar\\\/#breadcrumb\",\"itemListElement\":[{\"@type\":\"ListItem\",\"position\":1,\"name\":\"Home\",\"item\":\"https:\\\/\\\/nucif.net\\\/es\\\/\"},{\"@type\":\"ListItem\",\"position\":2,\"name\":\"Iniciar\\\/Registrar\"}]},{\"@type\":\"WebSite\",\"@id\":\"https:\\\/\\\/nucif.net\\\/#website\",\"url\":\"https:\\\/\\\/nucif.net\\\/\",\"name\":\"NUCIF\",\"description\":\"E-platform of the NUCIF Project\",\"publisher\":{\"@id\":\"https:\\\/\\\/nucif.net\\\/#organization\"},\"potentialAction\":[{\"@type\":\"SearchAction\",\"target\":{\"@type\":\"EntryPoint\",\"urlTemplate\":\"https:\\\/\\\/nucif.net\\\/?s={search_term_string}\"},\"query-input\":{\"@type\":\"PropertyValueSpecification\",\"valueRequired\":true,\"valueName\":\"search_term_string\"}}],\"inLanguage\":\"es\"},{\"@type\":\"Organization\",\"@id\":\"https:\\\/\\\/nucif.net\\\/#organization\",\"name\":\"The NUCIF Project\",\"url\":\"https:\\\/\\\/nucif.net\\\/\",\"logo\":{\"@type\":\"ImageObject\",\"inLanguage\":\"es\",\"@id\":\"https:\\\/\\\/nucif.net\\\/#\\\/schema\\\/logo\\\/image\\\/\",\"url\":\"https:\\\/\\\/nucif.net\\\/wp-content\\\/uploads\\\/2019\\\/12\\\/NUCIF-logo.png\",\"contentUrl\":\"https:\\\/\\\/nucif.net\\\/wp-content\\\/uploads\\\/2019\\\/12\\\/NUCIF-logo.png\",\"width\":315,\"height\":160,\"caption\":\"The NUCIF Project\"},\"image\":{\"@id\":\"https:\\\/\\\/nucif.net\\\/#\\\/schema\\\/logo\\\/image\\\/\"},\"sameAs\":[\"https:\\\/\\\/www.facebook.com\\\/NUCIF.Project\"]}]}<\/script>\n<!-- \/ Yoast SEO plugin. -->","yoast_head_json":{"title":"Iniciar\/Registrar - NUCIF","robots":{"index":"index","follow":"follow","max-snippet":"max-snippet:-1","max-image-preview":"max-image-preview:large","max-video-preview":"max-video-preview:-1"},"canonical":"https:\/\/nucif.net\/es\/iniciar-registrar\/","og_locale":"es_ES","og_type":"article","og_title":"Iniciar\/Registrar - NUCIF","og_description":"Iniciar sesi\u00f3n &#8211; Registrar por obtener acceso al \u00e1rea reservada (Documentos de los 4 Knowledge Hubs &amp; Materiales de elearning &#8211; aulas virtuales) para usuarios nuevos Si est\u00e1 aqu\u00ed por primera vez, reg\u00edstrese primero haciendo clic en el bot\u00f3n \u00abREGISTRAR\u00bb REGISTRAR para usuarios existentes Iniciar sesi\u00f3n por usar la plataforma NUCIF INICIAR SESION","og_url":"https:\/\/nucif.net\/es\/iniciar-registrar\/","og_site_name":"NUCIF","article_publisher":"https:\/\/www.facebook.com\/NUCIF.Project","article_modified_time":"2020-01-31T09:53:10+00:00","og_image":[{"width":960,"height":414,"url":"https:\/\/nucif.net\/wp-content\/uploads\/2020\/01\/NUCIF-featured-image.png","type":"image\/png"}],"twitter_card":"summary_large_image","schema":{"@context":"https:\/\/schema.org","@graph":[{"@type":"WebPage","@id":"https:\/\/nucif.net\/es\/iniciar-registrar\/","url":"https:\/\/nucif.net\/es\/iniciar-registrar\/","name":"Iniciar\/Registrar - NUCIF","isPartOf":{"@id":"https:\/\/nucif.net\/#website"},"datePublished":"2019-12-15T15:17:58+00:00","dateModified":"2020-01-31T09:53:10+00:00","breadcrumb":{"@id":"https:\/\/nucif.net\/es\/iniciar-registrar\/#breadcrumb"},"inLanguage":"es","potentialAction":[{"@type":"ReadAction","target":["https:\/\/nucif.net\/es\/iniciar-registrar\/"]}]},{"@type":"BreadcrumbList","@id":"https:\/\/nucif.net\/es\/iniciar-registrar\/#breadcrumb","itemListElement":[{"@type":"ListItem","position":1,"name":"Home","item":"https:\/\/nucif.net\/es\/"},{"@type":"ListItem","position":2,"name":"Iniciar\/Registrar"}]},{"@type":"WebSite","@id":"https:\/\/nucif.net\/#website","url":"https:\/\/nucif.net\/","name":"NUCIF","description":"E-platform of the NUCIF Project","publisher":{"@id":"https:\/\/nucif.net\/#organization"},"potentialAction":[{"@type":"SearchAction","target":{"@type":"EntryPoint","urlTemplate":"https:\/\/nucif.net\/?s={search_term_string}"},"query-input":{"@type":"PropertyValueSpecification","valueRequired":true,"valueName":"search_term_string"}}],"inLanguage":"es"},{"@type":"Organization","@id":"https:\/\/nucif.net\/#organization","name":"The NUCIF Project","url":"https:\/\/nucif.net\/","logo":{"@type":"ImageObject","inLanguage":"es","@id":"https:\/\/nucif.net\/#\/schema\/logo\/image\/","url":"https:\/\/nucif.net\/wp-content\/uploads\/2019\/12\/NUCIF-logo.png","contentUrl":"https:\/\/nucif.net\/wp-content\/uploads\/2019\/12\/NUCIF-logo.png","width":315,"height":160,"caption":"The NUCIF Project"},"image":{"@id":"https:\/\/nucif.net\/#\/schema\/logo\/image\/"},"sameAs":["https:\/\/www.facebook.com\/NUCIF.Project"]}]}},"_links":{"self":[{"href":"https:\/\/nucif.net\/es\/wp-json\/wp\/v2\/pages\/868","targetHints":{"allow":["GET"]}}],"collection":[{"href":"https:\/\/nucif.net\/es\/wp-json\/wp\/v2\/pages"}],"about":[{"href":"https:\/\/nucif.net\/es\/wp-json\/wp\/v2\/types\/page"}],"author":[{"embeddable":true,"href":"https:\/\/nucif.net\/es\/wp-json\/wp\/v2\/users\/1"}],"replies":[{"embeddable":true,"href":"https:\/\/nucif.net\/es\/wp-json\/wp\/v2\/comments?post=868"}],"version-history":[{"count":5,"href":"https:\/\/nucif.net\/es\/wp-json\/wp\/v2\/pages\/868\/revisions"}],"predecessor-version":[{"id":1807,"href":"https:\/\/nucif.net\/es\/wp-json\/wp\/v2\/pages\/868\/revisions\/1807"}],"wp:attachment":[{"href":"https:\/\/nucif.net\/es\/wp-json\/wp\/v2\/media?parent=868"}],"curies":[{"name":"wp","href":"https:\/\/api.w.org\/{rel}","templated":true}]}}